{"id":864,"date":"2017-02-14T20:45:21","date_gmt":"2017-02-14T19:45:21","guid":{"rendered":"https:\/\/wokulskioptyk.pl\/?page_id=864"},"modified":"2018-04-26T21:11:26","modified_gmt":"2018-04-26T19:11:26","slug":"okulary-i-soczewki","status":"publish","type":"page","link":"https:\/\/wokulskioptyk.pl\/index.php\/okulary-i-soczewki\/","title":{"rendered":"Okulary i Soczewki"},"content":{"rendered":"<p><div class=\"fusion-fullwidth fullwidth-box fusion-builder-row-1 hundred-percent-fullwidth non-hundred-percent-height-scrolling fusion-equal-height-columns\" style=\"background-color: #f7f7f7;background-position: left top;background-repeat: no-repeat;padding-top:0px;padding-right:0px;padding-bottom:0px;padding-left:0px;margin-bottom: 0px;margin-top: 0px;border-width: 0px 0px 0px 0px;border-color:#eae9e9;border-style:solid;\" ><div class=\"fusion-builder-row fusion-row\"><div class=\"fusion-layout-column fusion_builder_column fusion-builder-column-0 fusion_builder_column_1_2 1_2 fusion-one-half fusion-column-first\" style=\"margin-top:0px;margin-bottom:0px;\"><div class=\"fusion-column-wrapper fusion-flex-column-wrapper-legacy\" style=\"background-position:left top;background-repeat:no-repeat;-webkit-background-size:cover;-moz-background-size:cover;-o-background-size:cover;background-size:cover;padding: 5% 13% 3% 13%;\"><div class=\"fusion-text fusion-text-1\"><h2>Okulary<\/h2>\n<\/div><div class=\"fusion-text fusion-text-2\"><p>Ofert\u0119 salon\u00f3w optycznych WOKULSKI uzupe\u0142niaj\u0105 oprawy okularowe najlepszych, markowych producent\u00f3w, starannie dobrane z najnowszych kolekcji, ze wzgl\u0119du na trwa\u0142o\u015b\u0107 i wysok\u0105 jako\u015b\u0107 u\u017cytych materia\u0142\u00f3w oraz atrakcyjn\u0105 cen\u0119. Wymagaj\u0105cym klientom oferujemy produkty takich marek jak Ray-Ban, Vogue, Prada, Calvin Klein, LaCoste, Moschino, Solano, Humprey\u2019s, Brendel, Cube, Belutti, Tonny czy Anne Marie, a tak\u017ce wyj\u0105tkowej w\u0142oskiej marki ULTRA, s\u0142yn\u0105cej z produkcji ekskluzywnych modeli opraw okularowych.<\/p>\n<\/div><div class=\"fusion-sep-clear\"><\/div><div class=\"fusion-separator fusion-full-width-sep\" style=\"margin-left: auto;margin-right: auto;margin-top:10px;width:100%;\"><\/div><div class=\"fusion-sep-clear\"><\/div><ul class=\"fusion-checklist fusion-checklist-1\" style=\"font-size:16px;line-height:27.2px;\"><li class=\"fusion-li-item\"><span style=\"background-color:#009cac;font-size:14.08px;height:27.2px;width:27.2px;margin-right:11.2px;\" class=\"icon-wrapper circle-yes\"><i class=\"fusion-li-icon fa fa-eye\" style=\"color:#029ca4;\" aria-hidden=\"true\"><\/i><\/span><div class=\"fusion-li-item-content\" style=\"margin-left:38.4px;\">\n<p>Najwy\u017csza jako\u015b\u0107 opraw<\/p>\n<\/div><\/li><li class=\"fusion-li-item\"><span style=\"background-color:#009cac;font-size:14.08px;height:27.2px;width:27.2px;margin-right:11.2px;\" class=\"icon-wrapper circle-yes\"><i class=\"fusion-li-icon fa fa-bookmark-o\" style=\"color:#029ca4;\" aria-hidden=\"true\"><\/i><\/span><div class=\"fusion-li-item-content\" style=\"margin-left:38.4px;\">\n<p>Gwarancje na wszystkie produkty<\/p>\n<\/div><\/li><li class=\"fusion-li-item\"><span style=\"background-color:#009cac;font-size:14.08px;height:27.2px;width:27.2px;margin-right:11.2px;\" class=\"icon-wrapper circle-yes\"><i class=\"fusion-li-icon fa fa-thumbs-o-up\" style=\"color:#029ca4;\" aria-hidden=\"true\"><\/i><\/span><div class=\"fusion-li-item-content\" style=\"margin-left:38.4px;\">\n<p>Sprawdzeni dostawcy<\/p>\n<\/div><\/li><\/ul><div class=\"fusion-sep-clear\"><\/div><div class=\"fusion-separator fusion-full-width-sep\" style=\"margin-left: auto;margin-right: auto;margin-top:60px;width:100%;\"><\/div><div class=\"fusion-sep-clear\"><\/div><div class=\"fusion-clearfix\"><\/div><\/div><\/div><div class=\"fusion-layout-column fusion_builder_column fusion-builder-column-1 fusion_builder_column_1_2 1_2 fusion-one-half fusion-column-last\" style=\"margin-top:0px;margin-bottom:0px;\"><div class=\"fusion-column-wrapper fusion-flex-column-wrapper-legacy fusion-empty-column-bg-image\" style=\"background-image: url(&#039;https:\/\/wokulskioptyk.pl\/wp-content\/uploads\/2017\/02\/okularybig-e1491830091975-1.jpg&#039;);background-position:center center;background-repeat:no-repeat;-webkit-background-size:cover;-moz-background-size:cover;-o-background-size:cover;background-size:cover;padding: 0px 0px 10px 0px;\" data-bg-url=\"https:\/\/wokulskioptyk.pl\/wp-content\/uploads\/2017\/02\/okularybig-e1491830091975-1.jpg\"><img decoding=\"async\" class=\"fusion-empty-dims-img-placeholder fusion-no-large-visibility\" src=\"data:image\/svg+xml,%3Csvg%20xmlns%3D%27http%3A%2F%2Fwww.w3.org%2F2000%2Fsvg%27%20width%3D%271000%27%20height%3D%27560%27%20viewBox%3D%270%200%201000%20560%27%3E%3Crect%20width%3D%271000%27%20height%3D%27560%27%20fill-opacity%3D%220%22%2F%3E%3C%2Fsvg%3E\"><div class=\"fusion-clearfix\"><\/div><\/div><\/div><\/div><\/div><div class=\"fusion-fullwidth fullwidth-box fusion-builder-row-2 hundred-percent-fullwidth non-hundred-percent-height-scrolling fusion-equal-height-columns\" style=\"background-color: #f7f7f7;background-position: left top;background-repeat: no-repeat;padding-top:0px;padding-right:0px;padding-bottom:0px;padding-left:0px;margin-bottom: 0px;margin-top: 0px;border-width: 0px 0px 0px 0px;border-color:#eae9e9;border-style:solid;\" ><div class=\"fusion-builder-row fusion-row\"><div class=\"fusion-layout-column fusion_builder_column fusion-builder-column-2 fusion_builder_column_1_2 1_2 fusion-one-half fusion-column-first fusion-no-small-visibility\" style=\"margin-top:0px;margin-bottom:0px;\"><div class=\"fusion-column-wrapper fusion-flex-column-wrapper-legacy fusion-empty-column-bg-image\" style=\"background-image: url(&#039;https:\/\/wokulskioptyk.pl\/wp-content\/uploads\/2017\/02\/soczewkibig-e1491830403726.jpg&#039;);background-position:center center;background-repeat:no-repeat;-webkit-background-size:cover;-moz-background-size:cover;-o-background-size:cover;background-size:cover;padding: 5px 13px 3px 13px;\" data-bg-url=\"https:\/\/wokulskioptyk.pl\/wp-content\/uploads\/2017\/02\/soczewkibig-e1491830403726.jpg\"><img decoding=\"async\" class=\"fusion-empty-dims-img-placeholder fusion-no-large-visibility\" src=\"data:image\/svg+xml,%3Csvg%20xmlns%3D%27http%3A%2F%2Fwww.w3.org%2F2000%2Fsvg%27%20width%3D%271000%27%20height%3D%27560%27%20viewBox%3D%270%200%201000%20560%27%3E%3Crect%20width%3D%271000%27%20height%3D%27560%27%20fill-opacity%3D%220%22%2F%3E%3C%2Fsvg%3E\"><div class=\"fusion-clearfix\"><\/div><\/div><\/div><div class=\"fusion-layout-column fusion_builder_column fusion-builder-column-3 fusion_builder_column_1_2 1_2 fusion-one-half fusion-column-last\" style=\"margin-top:0px;margin-bottom:0px;\"><div class=\"fusion-column-wrapper fusion-flex-column-wrapper-legacy\" style=\"background-position:center center;background-repeat:no-repeat;-webkit-background-size:cover;-moz-background-size:cover;-o-background-size:cover;background-size:cover;padding: 5% 13% 3% 13%;\"><div class=\"fusion-text fusion-text-3\"><h2>Soczewki<\/h2>\n<\/div><div class=\"fusion-text fusion-text-4\"><p>W ofercie soczewek sieci salon\u00f3w WOKULSKI znajduj\u0105 si\u0119 produkty jednego z najbardziej innowacyjnych producent\u00f3w soczewek, japo\u0144skiej firmy HOYA. Najwy\u017csze parametry produkt\u00f3w tej firmy, liczne warianty soczewek i uszlachetnie\u0144 pozwalaj\u0105 zaspokoi\u0107 wszelkie potrzeby naszych klient\u00f3w. Wsp\u00f3\u0142pracujemy tak\u017ce z renomowan\u0105, rodzim\u0105 firm\u0105 SZAJNA, kt\u00f3rej najnowsze technologie, w po\u0142\u0105czeniu z ambitn\u0105 filozofi\u0105 daj\u0105 nam gwarancje wsparcia i fachowej pomocy r\u00f3wnie\u017c w niecodziennych przypadkach.<\/p>\n<\/div><ul class=\"fusion-checklist fusion-checklist-2\" style=\"font-size:16px;line-height:27.2px;\"><li class=\"fusion-li-item\"><span style=\"background-color:#009cac;font-size:14.08px;height:27.2px;width:27.2px;margin-right:11.2px;\" class=\"icon-wrapper circle-yes\"><i class=\"fusion-li-icon fa fa-superpowers\" style=\"color:#029ca4;\" aria-hidden=\"true\"><\/i><\/span><div class=\"fusion-li-item-content\" style=\"margin-left:38.4px;\">\n<p>Najnowocze\u015bniejsze rozwi\u0105zania optyczne<\/p>\n<\/div><\/li><li class=\"fusion-li-item\"><span style=\"background-color:#009cac;font-size:14.08px;height:27.2px;width:27.2px;margin-right:11.2px;\" class=\"icon-wrapper circle-yes\"><i class=\"fusion-li-icon fa fa-flask\" style=\"color:#029ca4;\" aria-hidden=\"true\"><\/i><\/span><div class=\"fusion-li-item-content\" style=\"margin-left:38.4px;\">\n<p>Najlepsze uszlachetnienia<\/p>\n<\/div><\/li><li class=\"fusion-li-item\"><span style=\"background-color:#009cac;font-size:14.08px;height:27.2px;width:27.2px;margin-right:11.2px;\" class=\"icon-wrapper circle-yes\"><i class=\"fusion-li-icon fa fa-cogs\" style=\"color:#029ca4;\" aria-hidden=\"true\"><\/i><\/span><div class=\"fusion-li-item-content\" style=\"margin-left:38.4px;\">\n<p>Innowacyjne technologie<\/p>\n<\/div><\/li><\/ul><div class=\"fusion-sep-clear\"><\/div><div class=\"fusion-separator fusion-full-width-sep\" style=\"margin-left: auto;margin-right: auto;margin-top:60px;width:100%;\"><\/div><div class=\"fusion-sep-clear\"><\/div><div class=\"fusion-text fusion-text-5\"><p><a style=\"color: #808080;\" href=\"https:\/\/wokulskioptyk.pl\/index.php\/warunkigwarancji\/\">* Warunki gwarancji<\/a><\/p>\n<\/div><div class=\"fusion-clearfix\"><\/div><\/div><\/div><\/div><\/div><div class=\"fusion-fullwidth fullwidth-box fusion-builder-row-3 hundred-percent-fullwidth non-hundred-percent-height-scrolling fusion-equal-height-columns\" style=\"background-color: #f7f7f7;background-position: left top;background-repeat: no-repeat;padding-top:0px;padding-right:0px;padding-bottom:0px;padding-left:0px;margin-bottom: 0px;margin-top: 0px;border-width: 0px 0px 0px 0px;border-color:#eae9e9;border-style:solid;\" ><div class=\"fusion-builder-row fusion-row\"><div class=\"fusion-layout-column fusion_builder_column fusion-builder-column-4 fusion_builder_column_1_4 1_4 fusion-one-fourth fusion-column-first\" style=\"margin-top:0px;margin-bottom:0px;\"><div class=\"fusion-column-wrapper fusion-flex-column-wrapper-legacy\" style=\"background-position:left top;background-repeat:no-repeat;-webkit-background-size:cover;-moz-background-size:cover;-o-background-size:cover;background-size:cover;background-color:#00abb5;padding: 0% 5% 0% 5%;\"><div class=\"fusion-counters-box counters-box row fusion-clearfix fusion-columns-1\"><div class=\"fusion-counter-box fusion-column col-counter-box counter-box-wrapper col-lg-12 col-md-12 col-sm-12\" data-animationOffset=\"top-into-view\"><div class=\"counter-box-container\" style=\"border: 1px solid rgba(255,255,255,0);\"><div class=\"content-box-percentage content-box-counter\" style=\"color:#ffffff;font-size:62px;line-height:normal;\"><span class=\"display-counter\" data-value=\"20000\" data-direction=\"up\" data-decimals=\"0\">0<\/span><\/div><div class=\"counter-box-content\" style=\"color:#ffffff;font-size:31px;\">odwiedzin<\/div><\/div><\/div><\/div><div class=\"clearfix\"><\/div><div class=\"fusion-clearfix\"><\/div><\/div><\/div><div class=\"fusion-layout-column fusion_builder_column fusion-builder-column-5 fusion_builder_column_1_4 1_4 fusion-one-fourth\" style=\"margin-top:0px;margin-bottom:0px;\"><div class=\"fusion-column-wrapper fusion-flex-column-wrapper-legacy\" style=\"background-position:left top;background-repeat:no-repeat;-webkit-background-size:cover;-moz-background-size:cover;-o-background-size:cover;background-size:cover;background-color:#009ba7;padding: 0% 5% 0% 5%;\"><div class=\"fusion-counters-box counters-box row fusion-clearfix fusion-columns-1\"><div class=\"fusion-counter-box fusion-column col-counter-box counter-box-wrapper col-lg-12 col-md-12 col-sm-12\" data-animationOffset=\"top-into-view\"><div class=\"counter-box-container\" style=\"border: 1px solid rgba(255,255,255,0);\"><div class=\"content-box-percentage content-box-counter\" style=\"color:#ffffff;font-size:62px;line-height:normal;\"><span class=\"display-counter\" data-value=\"750\" data-direction=\"up\" data-decimals=\"0\">0<\/span><\/div><div class=\"counter-box-content\" style=\"color:#ffffff;font-size:31px;\">soczewek<\/div><\/div><\/div><\/div><div class=\"clearfix\"><\/div><div class=\"fusion-clearfix\"><\/div><\/div><\/div><div class=\"fusion-layout-column fusion_builder_column fusion-builder-column-6 fusion_builder_column_1_4 1_4 fusion-one-fourth\" style=\"margin-top:0px;margin-bottom:0px;\"><div class=\"fusion-column-wrapper fusion-flex-column-wrapper-legacy\" style=\"background-position:left top;background-repeat:no-repeat;-webkit-background-size:cover;-moz-background-size:cover;-o-background-size:cover;background-size:cover;background-color:#008d96;padding: 0% 5% 0% 5%;\"><div class=\"fusion-counters-box counters-box row fusion-clearfix fusion-columns-1\"><div class=\"fusion-counter-box fusion-column col-counter-box counter-box-wrapper col-lg-12 col-md-12 col-sm-12\" data-animationOffset=\"top-into-view\"><div class=\"counter-box-container\" style=\"border: 1px solid rgba(255,255,255,0);\"><div class=\"content-box-percentage content-box-counter\" style=\"color:#ffffff;font-size:62px;line-height:normal;\"><span class=\"display-counter\" data-value=\"325\" data-direction=\"up\" data-decimals=\"0\">0<\/span><\/div><div class=\"counter-box-content\" style=\"color:#ffffff;font-size:31px;\">akcesori\u00f3w<\/div><\/div><\/div><\/div><div class=\"clearfix\"><\/div><div class=\"fusion-clearfix\"><\/div><\/div><\/div><div class=\"fusion-layout-column fusion_builder_column fusion-builder-column-7 fusion_builder_column_1_4 1_4 fusion-one-fourth fusion-column-last\" style=\"margin-top:0px;margin-bottom:0px;\"><div class=\"fusion-column-wrapper fusion-flex-column-wrapper-legacy\" style=\"background-position:left top;background-repeat:no-repeat;-webkit-background-size:cover;-moz-background-size:cover;-o-background-size:cover;background-size:cover;background-color:#00838d;padding: 0% 5% 0% 5%;\"><div class=\"fusion-counters-box counters-box row fusion-clearfix fusion-columns-1\"><div class=\"fusion-counter-box fusion-column col-counter-box counter-box-wrapper col-lg-12 col-md-12 col-sm-12\" data-animationOffset=\"top-into-view\"><div class=\"counter-box-container\" style=\"border: 1px solid rgba(255,255,255,0);\"><div class=\"content-box-percentage content-box-counter\" style=\"color:#ffffff;font-size:62px;line-height:normal;\"><span class=\"display-counter\" data-value=\"1200\" data-direction=\"up\" data-decimals=\"0\">0<\/span><\/div><div class=\"counter-box-content\" style=\"color:#ffffff;font-size:31px;\">oprawek<\/div><\/div><\/div><\/div><div class=\"clearfix\"><\/div><div class=\"fusion-clearfix\"><\/div><\/div><\/div><\/div><\/div><\/p>\n","protected":false},"excerpt":{"rendered":"","protected":false},"author":1,"featured_media":0,"parent":0,"menu_order":0,"comment_status":"closed","ping_status":"closed","template":"100-width.php","meta":{"footnotes":""},"class_list":["post-864","page","type-page","status-publish","hentry"],"_links":{"self":[{"href":"https:\/\/wokulskioptyk.pl\/index.php\/wp-json\/wp\/v2\/pages\/864","targetHints":{"allow":["GET"]}}],"collection":[{"href":"https:\/\/wokulskioptyk.pl\/index.php\/wp-json\/wp\/v2\/pages"}],"about":[{"href":"https:\/\/wokulskioptyk.pl\/index.php\/wp-json\/wp\/v2\/types\/page"}],"author":[{"embeddable":true,"href":"https:\/\/wokulskioptyk.pl\/index.php\/wp-json\/wp\/v2\/users\/1"}],"replies":[{"embeddable":true,"href":"https:\/\/wokulskioptyk.pl\/index.php\/wp-json\/wp\/v2\/comments?post=864"}],"version-history":[{"count":65,"href":"https:\/\/wokulskioptyk.pl\/index.php\/wp-json\/wp\/v2\/pages\/864\/revisions"}],"predecessor-version":[{"id":2251,"href":"https:\/\/wokulskioptyk.pl\/index.php\/wp-json\/wp\/v2\/pages\/864\/revisions\/2251"}],"wp:attachment":[{"href":"https:\/\/wokulskioptyk.pl\/index.php\/wp-json\/wp\/v2\/media?parent=864"}],"curies":[{"name":"wp","href":"https:\/\/api.w.org\/{rel}","templated":true}]}}